{"id":7,"date":"2026-02-20T08:38:16","date_gmt":"2026-02-20T08:38:16","guid":{"rendered":"https:\/\/amirj-demo.befiana.mg\/?page_id=7"},"modified":"2026-02-24T05:53:19","modified_gmt":"2026-02-24T05:53:19","slug":"home-page","status":"publish","type":"page","link":"https:\/\/amirj-demo.befiana.mg\/fr\/","title":{"rendered":"Home Page"},"content":{"rendered":"<div data-elementor-type=\"wp-page\" data-elementor-id=\"7\" class=\"elementor elementor-7\" data-elementor-post-type=\"page\">\n\t\t\t\t<div class=\"elementor-element elementor-element-df46964 e-flex e-con-boxed e-con e-parent\" data-id=\"df46964\" data-element_type=\"container\" data-e-type=\"container\">\n\t\t\t\t\t<div class=\"e-con-inner\">\n\t\t\t\t<div class=\"elementor-element elementor-element-8f2b6d7 random-gallery-one elementor-widget elementor-widget-gallery\" data-id=\"8f2b6d7\" data-element_type=\"widget\" data-e-type=\"widget\" data-settings=\"{&quot;columns&quot;:1,&quot;aspect_ratio&quot;:&quot;16:9&quot;,&quot;gap&quot;:{&quot;unit&quot;:&quot;px&quot;,&quot;size&quot;:0,&quot;sizes&quot;:[]},&quot;_animation&quot;:&quot;none&quot;,&quot;gallery_layout&quot;:&quot;grid&quot;,&quot;columns_tablet&quot;:2,&quot;columns_mobile&quot;:1,&quot;gap_widescreen&quot;:{&quot;unit&quot;:&quot;px&quot;,&quot;size&quot;:&quot;&quot;,&quot;sizes&quot;:[]},&quot;gap_laptop&quot;:{&quot;unit&quot;:&quot;px&quot;,&quot;size&quot;:10,&quot;sizes&quot;:[]},&quot;gap_tablet_extra&quot;:{&quot;unit&quot;:&quot;px&quot;,&quot;size&quot;:10,&quot;sizes&quot;:[]},&quot;gap_tablet&quot;:{&quot;unit&quot;:&quot;px&quot;,&quot;size&quot;:10,&quot;sizes&quot;:[]},&quot;gap_mobile&quot;:{&quot;unit&quot;:&quot;px&quot;,&quot;size&quot;:10,&quot;sizes&quot;:[]}}\" data-widget_type=\"gallery.default\">\n\t\t\t\t\t\t\t<div class=\"elementor-gallery__container\">\n\t\t\t\t\t\t\t<div class=\"e-gallery-item elementor-gallery-item\">\n\t\t\t\t\t<div class=\"e-gallery-image elementor-gallery-item__image\" data-thumbnail=\"https:\/\/amirj-demo.befiana.mg\/wp-content\/uploads\/2026\/02\/3.webp\" data-width=\"1600\" data-height=\"1123\" aria-label=\"\" role=\"img\" ><\/div>\n\t\t\t\t\t\t\t\t\t\t\t\t\t\t<\/div>\n\t\t\t\t\t\t\t<div class=\"e-gallery-item elementor-gallery-item\">\n\t\t\t\t\t<div class=\"e-gallery-image elementor-gallery-item__image\" data-thumbnail=\"https:\/\/amirj-demo.befiana.mg\/wp-content\/uploads\/2026\/02\/4.webp\" data-width=\"1600\" data-height=\"1118\" aria-label=\"\" role=\"img\" ><\/div>\n\t\t\t\t\t\t\t\t\t\t\t\t\t\t<\/div>\n\t\t\t\t\t\t\t<div class=\"e-gallery-item elementor-gallery-item\">\n\t\t\t\t\t<div class=\"e-gallery-image elementor-gallery-item__image\" data-thumbnail=\"https:\/\/amirj-demo.befiana.mg\/wp-content\/uploads\/2026\/02\/scanANIO_0003i.webp\" data-width=\"1600\" data-height=\"1078\" aria-label=\"\" role=\"img\" ><\/div>\n\t\t\t\t\t\t\t\t\t\t\t\t\t\t<\/div>\n\t\t\t\t\t\t\t<div class=\"e-gallery-item elementor-gallery-item\">\n\t\t\t\t\t<div class=\"e-gallery-image elementor-gallery-item__image\" data-thumbnail=\"https:\/\/amirj-demo.befiana.mg\/wp-content\/uploads\/2026\/02\/4-Controle.webp\" data-width=\"1600\" data-height=\"1152\" aria-label=\"\" role=\"img\" ><\/div>\n\t\t\t\t\t\t\t\t\t\t\t\t\t\t<\/div>\n\t\t\t\t\t\t\t<div class=\"e-gallery-item elementor-gallery-item\">\n\t\t\t\t\t<div class=\"e-gallery-image elementor-gallery-item__image\" data-thumbnail=\"https:\/\/amirj-demo.befiana.mg\/wp-content\/uploads\/2026\/02\/scan-mm.webp\" data-width=\"1600\" data-height=\"1120\" aria-label=\"\" role=\"img\" ><\/div>\n\t\t\t\t\t\t\t\t\t\t\t\t\t\t<\/div>\n\t\t\t\t\t<\/div>\n\t\t\t\t\t<\/div>\n\t\t\t\t\t<\/div>\n\t\t\t\t<\/div>\n\t\t<div class=\"elementor-element elementor-element-d18d18a section-m e-flex e-con-boxed e-con e-parent\" data-id=\"d18d18a\" data-element_type=\"container\" data-e-type=\"container\">\n\t\t\t\t\t<div class=\"e-con-inner\">\n\t\t<div class=\"elementor-element elementor-element-cfb8a56 e-con-full e-flex e-con e-child\" data-id=\"cfb8a56\" data-element_type=\"container\" data-e-type=\"container\">\n\t\t\t\t<div class=\"elementor-element elementor-element-1811ebf elementor-widget elementor-widget-text-editor\" data-id=\"1811ebf\" data-element_type=\"widget\" data-e-type=\"widget\" data-widget_type=\"text-editor.default\">\n\t\t\t\t\t\t\t\t\t<p>\"Mon travail explore la vie quotidienne \u00e0 travers des sc\u00e8nes soigneusement compos\u00e9es.\nArchitecture, gestes et instants silencieux se rejoignent dans des images o\u00f9 l\u2019\u00e9quilibre et l\u2019espace permettent \u00e0 l\u2019histoire de se d\u00e9ployer naturellement.\"<\/p>\t\t\t\t\t\t\t\t<\/div>\n\t\t\t\t<div class=\"elementor-element elementor-element-93f443a elementor-widget elementor-widget-button\" data-id=\"93f443a\" data-element_type=\"widget\" data-e-type=\"widget\" data-widget_type=\"button.default\">\n\t\t\t\t\t\t\t\t\t\t<a class=\"elementor-button elementor-button-link elementor-size-sm\" href=\"https:\/\/amirj-demo.befiana.mg\/fr\/bio\/\">\n\t\t\t\t\t\t<span class=\"elementor-button-content-wrapper\">\n\t\t\t\t\t\t\t\t\t<span class=\"elementor-button-text\">Me d\u00e9couvrir<\/span>\n\t\t\t\t\t<\/span>\n\t\t\t\t\t<\/a>\n\t\t\t\t\t\t\t\t<\/div>\n\t\t\t\t<\/div>\n\t\t<div class=\"elementor-element elementor-element-a6c57ae e-con-full e-flex e-con e-child\" data-id=\"a6c57ae\" data-element_type=\"container\" data-e-type=\"container\">\n\t\t\t\t<div class=\"elementor-element elementor-element-d03327c elementor-widget elementor-widget-image\" data-id=\"d03327c\" data-element_type=\"widget\" data-e-type=\"widget\" data-widget_type=\"image.default\">\n\t\t\t\t\t\t\t\t\t\t\t\t\t\t\t<img fetchpriority=\"high\" decoding=\"async\" width=\"800\" height=\"935\" src=\"https:\/\/amirj-demo.befiana.mg\/wp-content\/uploads\/2026\/02\/385867169_850141003144156_8923251303829482435_n-876x1024.webp\" class=\"attachment-large size-large wp-image-24\" alt=\"\" srcset=\"https:\/\/amirj-demo.befiana.mg\/wp-content\/uploads\/2026\/02\/385867169_850141003144156_8923251303829482435_n-876x1024.webp 876w, https:\/\/amirj-demo.befiana.mg\/wp-content\/uploads\/2026\/02\/385867169_850141003144156_8923251303829482435_n-257x300.webp 257w, https:\/\/amirj-demo.befiana.mg\/wp-content\/uploads\/2026\/02\/385867169_850141003144156_8923251303829482435_n-768x898.webp 768w, https:\/\/amirj-demo.befiana.mg\/wp-content\/uploads\/2026\/02\/385867169_850141003144156_8923251303829482435_n-1314x1536.webp 1314w, https:\/\/amirj-demo.befiana.mg\/wp-content\/uploads\/2026\/02\/385867169_850141003144156_8923251303829482435_n.webp 1600w\" sizes=\"(max-width: 800px) 100vw, 800px\" \/>\t\t\t\t\t\t\t\t\t\t\t\t\t\t\t<\/div>\n\t\t\t\t<div class=\"elementor-element elementor-element-2f08712 elementor-widget elementor-widget-text-editor\" data-id=\"2f08712\" data-element_type=\"widget\" data-e-type=\"widget\" data-widget_type=\"text-editor.default\">\n\t\t\t\t\t\t\t\t\t<p>\u00a9 Mika Sary Ful<\/p>\t\t\t\t\t\t\t\t<\/div>\n\t\t\t\t<\/div>\n\t\t\t\t\t<\/div>\n\t\t\t\t<\/div>\n\t\t\t\t<\/div>","protected":false},"excerpt":{"rendered":"<p>&#8220;My work explores everyday life through carefully composed scenes. Architecture, gestures and quiet moments are brought together in images where balance and space allow the story to unfold naturally&#8221; Read More \u00a9 Mika Sary Ful<\/p>","protected":false},"author":1,"featured_media":0,"parent":0,"menu_order":0,"comment_status":"closed","ping_status":"closed","template":"elementor_header_footer","meta":{"footnotes":""},"class_list":["post-7","page","type-page","status-publish","hentry"],"_links":{"self":[{"href":"https:\/\/amirj-demo.befiana.mg\/fr\/wp-json\/wp\/v2\/pages\/7","targetHints":{"allow":["GET"]}}],"collection":[{"href":"https:\/\/amirj-demo.befiana.mg\/fr\/wp-json\/wp\/v2\/pages"}],"about":[{"href":"https:\/\/amirj-demo.befiana.mg\/fr\/wp-json\/wp\/v2\/types\/page"}],"author":[{"embeddable":true,"href":"https:\/\/amirj-demo.befiana.mg\/fr\/wp-json\/wp\/v2\/users\/1"}],"replies":[{"embeddable":true,"href":"https:\/\/amirj-demo.befiana.mg\/fr\/wp-json\/wp\/v2\/comments?post=7"}],"version-history":[{"count":95,"href":"https:\/\/amirj-demo.befiana.mg\/fr\/wp-json\/wp\/v2\/pages\/7\/revisions"}],"predecessor-version":[{"id":692,"href":"https:\/\/amirj-demo.befiana.mg\/fr\/wp-json\/wp\/v2\/pages\/7\/revisions\/692"}],"wp:attachment":[{"href":"https:\/\/amirj-demo.befiana.mg\/fr\/wp-json\/wp\/v2\/media?parent=7"}],"curies":[{"name":"wp","href":"https:\/\/api.w.org\/{rel}","templated":true}]}}