{"id":110,"date":"2026-02-20T10:41:13","date_gmt":"2026-02-20T10:41:13","guid":{"rendered":"https:\/\/amirj-demo.befiana.mg\/?page_id=110"},"modified":"2026-02-25T10:43:08","modified_gmt":"2026-02-25T10:43:08","slug":"bio","status":"publish","type":"page","link":"https:\/\/amirj-demo.befiana.mg\/fr\/bio\/","title":{"rendered":"Biographie"},"content":{"rendered":"<div data-elementor-type=\"wp-page\" data-elementor-id=\"110\" class=\"elementor elementor-110\" data-elementor-post-type=\"page\">\n\t\t\t\t<div class=\"elementor-element elementor-element-d18d18a section-m e-flex e-con-boxed e-con e-parent\" data-id=\"d18d18a\" data-element_type=\"container\" data-e-type=\"container\">\n\t\t\t\t\t<div class=\"e-con-inner\">\n\t\t<div class=\"elementor-element elementor-element-a6c57ae e-con-full e-flex e-con e-child\" data-id=\"a6c57ae\" data-element_type=\"container\" data-e-type=\"container\">\n\t\t\t\t<div class=\"elementor-element elementor-element-d03327c elementor-widget elementor-widget-image\" data-id=\"d03327c\" data-element_type=\"widget\" data-e-type=\"widget\" data-widget_type=\"image.default\">\n\t\t\t\t\t\t\t\t\t\t\t\t\t\t\t<img fetchpriority=\"high\" decoding=\"async\" width=\"771\" height=\"1024\" src=\"https:\/\/amirj-demo.befiana.mg\/wp-content\/uploads\/2026\/02\/000-BIO-771x1024.webp\" class=\"attachment-large size-large wp-image-25\" alt=\"\" srcset=\"https:\/\/amirj-demo.befiana.mg\/wp-content\/uploads\/2026\/02\/000-BIO-771x1024.webp 771w, https:\/\/amirj-demo.befiana.mg\/wp-content\/uploads\/2026\/02\/000-BIO-226x300.webp 226w, https:\/\/amirj-demo.befiana.mg\/wp-content\/uploads\/2026\/02\/000-BIO-768x1021.webp 768w, https:\/\/amirj-demo.befiana.mg\/wp-content\/uploads\/2026\/02\/000-BIO-1156x1536.webp 1156w, https:\/\/amirj-demo.befiana.mg\/wp-content\/uploads\/2026\/02\/000-BIO.webp 1332w\" sizes=\"(max-width: 771px) 100vw, 771px\" \/>\t\t\t\t\t\t\t\t\t\t\t\t\t\t\t<\/div>\n\t\t\t\t<\/div>\n\t\t<div class=\"elementor-element elementor-element-cfb8a56 e-con-full e-flex e-con e-child\" data-id=\"cfb8a56\" data-element_type=\"container\" data-e-type=\"container\">\n\t\t\t\t<div class=\"elementor-element elementor-element-e1eb5bd elementor-widget elementor-widget-heading\" data-id=\"e1eb5bd\" data-element_type=\"widget\" data-e-type=\"widget\" data-widget_type=\"heading.default\">\n\t\t\t\t\t<h1 class=\"elementor-heading-title elementor-size-default\">Biographie<\/h1>\t\t\t\t<\/div>\n\t\t\t\t<div class=\"elementor-element elementor-element-3873c4e elementor-widget elementor-widget-progress\" data-id=\"3873c4e\" data-element_type=\"widget\" data-e-type=\"widget\" data-widget_type=\"progress.default\">\n\t\t\t\t\t\n\t\t<div class=\"elementor-progress-wrapper\" role=\"progressbar\" aria-valuemin=\"0\" aria-valuemax=\"100\" aria-valuenow=\"12\">\n\t\t\t<div class=\"elementor-progress-bar\" data-max=\"12\">\n\t\t\t\t<span class=\"elementor-progress-text\"><\/span>\n\t\t\t\t\t\t\t<\/div>\n\t\t<\/div>\n\t\t\t\t\t\t<\/div>\n\t\t\t\t<div class=\"elementor-element elementor-element-1811ebf elementor-widget elementor-widget-text-editor\" data-id=\"1811ebf\" data-element_type=\"widget\" data-e-type=\"widget\" data-widget_type=\"text-editor.default\">\n\t\t\t\t\t\t\t\t\t<p>N\u00e9 en 1994 \u00e0 Befandriana Nord, Madagascar, Juvara Amir Andrianalitiana vit et travaille \u00e0 Antananarivo. Il d\u00e9veloppe sa pratique artistique sous le nom d\u2019Amir.J.<\/p><p>\u00c0 travers la peinture, Amir.J explore le quotidien et ses atmosph\u00e8res, en s\u2019attachant \u00e0 des sc\u00e8nes simples, des lieux familiers et des gestes ordinaires. Son travail se distingue par une \u00e9criture picturale sobre et ma\u00eetris\u00e9e, port\u00e9e par des compositions r\u00e9fl\u00e9chies, un usage sensible de la couleur et une attention particuli\u00e8re aux d\u00e9tails qui donnent vie aux sc\u00e8nes repr\u00e9sent\u00e9es.<\/p><p>Ses \u0153uvres ne cherchent pas \u00e0 illustrer le r\u00e9el de mani\u00e8re descriptive, mais \u00e0 en proposer une interpr\u00e9tation personnelle, entre observation, m\u00e9moire et invention. Les coups de pinceau, les \u00e9quilibres de formes et les silences laiss\u00e9s dans la composition participent \u00e0 une narration discr\u00e8te, laissant au spectateur le temps d\u2019entrer dans l\u2019image.<\/p><p>Arriv\u00e9 relativement tard au dessin, qu\u2019il reprend \u00e0 l\u2019\u00e2ge de 23 ans apr\u00e8s l\u2019avoir pratiqu\u00e9 enfant, Amir.J se forme en autodidacte en s\u2019attachant aux bases du dessin et de la peinture. Cette reprise marque le d\u00e9but d\u2019un engagement profond dans la cr\u00e9ation artistique, nourri par unerecherche constante de justesse, tant esth\u00e9tique qu\u2019\u00e9motionnelle.<\/p><p class=\"translation-block\">Sa premi\u00e8re exposition internationale, Fostering Unity, Celebrating Differences, pr\u00e9sent\u00e9e en 2019 \u00e0 l\u2019\u00eele Maurice, constitue un point de d\u00e9part important. Depuis, il expose r\u00e9guli\u00e8rement \u00e0 Madagascar, en France et \u00e0 l\u2019\u00eele Maurice.<\/p><p>Aujourd\u2019hui artiste \u00e0 plein temps, Amir.J poursuit une d\u00e9marche en constante \u00e9volution, centr\u00e9e sur la narration du quotidien et la recherche d\u2019un langage pictural personnel, \u00e0 la fois simple, pr\u00e9cis et sensible<\/p>\t\t\t\t\t\t\t\t<\/div>\n\t\t\t\t<\/div>\n\t\t\t\t\t<\/div>\n\t\t\t\t<\/div>\n\t\t<div class=\"elementor-element elementor-element-1330425 section-m e-flex e-con-boxed e-con e-parent\" data-id=\"1330425\" data-element_type=\"container\" data-e-type=\"container\">\n\t\t\t\t\t<div class=\"e-con-inner\">\n\t\t<div class=\"elementor-element elementor-element-14cc706 e-con-full e-flex e-con e-child\" data-id=\"14cc706\" data-element_type=\"container\" data-e-type=\"container\">\n\t\t\t\t<div class=\"elementor-element elementor-element-2f309ff elementor-widget elementor-widget-heading\" data-id=\"2f309ff\" data-element_type=\"widget\" data-e-type=\"widget\" data-widget_type=\"heading.default\">\n\t\t\t\t\t<h2 class=\"elementor-heading-title elementor-size-default\">Approche artistique<\/h2>\t\t\t\t<\/div>\n\t\t\t\t<div class=\"elementor-element elementor-element-5fad9bf elementor-widget elementor-widget-progress\" data-id=\"5fad9bf\" data-element_type=\"widget\" data-e-type=\"widget\" data-widget_type=\"progress.default\">\n\t\t\t\t\t\n\t\t<div class=\"elementor-progress-wrapper\" role=\"progressbar\" aria-valuemin=\"0\" aria-valuemax=\"100\" aria-valuenow=\"6\">\n\t\t\t<div class=\"elementor-progress-bar\" data-max=\"6\">\n\t\t\t\t<span class=\"elementor-progress-text\"><\/span>\n\t\t\t\t\t\t\t<\/div>\n\t\t<\/div>\n\t\t\t\t\t\t<\/div>\n\t\t\t\t<div class=\"elementor-element elementor-element-2ee8af3 elementor-widget elementor-widget-text-editor\" data-id=\"2ee8af3\" data-element_type=\"widget\" data-e-type=\"widget\" data-widget_type=\"text-editor.default\">\n\t\t\t\t\t\t\t\t\t<p data-start=\"0\" data-end=\"344\">Mon travail s\u2019appuie sur l\u2019observation du quotidien et la mani\u00e8re dont les lieux, les gestes et les situations ordinaires peuvent devenir porteurs de r\u00e9cit. \u00c0 travers l\u2019aquarelle, je d\u00e9veloppe une peinture figurative qui cherche moins \u00e0 d\u00e9crire le r\u00e9el qu\u2019\u00e0 en proposer une lecture sensible, construite entre m\u00e9moire, regard et invention.<\/p><p data-start=\"346\" data-end=\"703\">Les sc\u00e8nes que je peins urbaines ou rurales, principalement \u00e0 Madagascar et \u00e0 l\u2019\u00eele Maurice sont issues de situations v\u00e9cues ou observ\u00e9es. Les photographies peuvent servir de support de m\u00e9moire, mais elles ne sont jamais reproduites telles quelles. Chaque \u0153uvre est une composition pens\u00e9e, o\u00f9 les choix de cadrage, de rythme, de couleur et de lumi\u00e8re participent \u00e0 faire \u00e9merger une atmosph\u00e8re plut\u00f4t qu\u2019une anecdote.<\/p><p data-start=\"705\" data-end=\"1021\">Ma recherche repose sur la simplicit\u00e9 et l\u2019\u00e9quilibre : aller \u00e0 l\u2019essentiel, laisser respirer les formes, accorder de l\u2019importance aux silences et aux espaces vides. Les coups de pinceau, volontairement visibles, et une construction frontale de l\u2019image contribuent \u00e0 une narration calme, laissant au spectateur le temps de s\u2019arr\u00eater et d\u2019entrer dans la sc\u00e8ne.<\/p><p data-start=\"1023\" data-end=\"1326\" data-is-last-node=\"\" data-is-only-node=\"\">Artiste autodidacte, mon parcours est marqu\u00e9 par un apprentissage continu et une remise en question permanente. Mon travail s\u2019inscrit dans une d\u00e9marche \u00e9volutive, attentive aux d\u00e9tails discrets de la vie quotidienne, \u00e0 ces instants souvent n\u00e9glig\u00e9s qui, une fois isol\u00e9s et mis enlumi\u00e8re, r\u00e9v\u00e8lent une po\u00e9sie simple et profond\u00e9ment humaine.<\/p>\t\t\t\t\t\t\t\t<\/div>\n\t\t\t\t<\/div>\n\t\t\t\t\t<\/div>\n\t\t\t\t<\/div>\n\t\t\t\t<\/div>","protected":false},"excerpt":{"rendered":"<p>Biography Born in 1994 in Befandriana Nord, Madagascar, Juvara Amir Andrianalitiana lives and works in Antananarivo. He develops his artistic practice under the name Amir.J. Through painting, Amir.J explores everyday life and its atmospheres, focusing on simple scenes, familiar places, and ordinary gestures. His work is distinguished by a sober and controlled pictorial language, shaped [&hellip;]<\/p>\n","protected":false},"author":1,"featured_media":0,"parent":0,"menu_order":0,"comment_status":"closed","ping_status":"closed","template":"elementor_header_footer","meta":{"footnotes":""},"class_list":["post-110","page","type-page","status-publish","hentry"],"_links":{"self":[{"href":"https:\/\/amirj-demo.befiana.mg\/fr\/wp-json\/wp\/v2\/pages\/110","targetHints":{"allow":["GET"]}}],"collection":[{"href":"https:\/\/amirj-demo.befiana.mg\/fr\/wp-json\/wp\/v2\/pages"}],"about":[{"href":"https:\/\/amirj-demo.befiana.mg\/fr\/wp-json\/wp\/v2\/types\/page"}],"author":[{"embeddable":true,"href":"https:\/\/amirj-demo.befiana.mg\/fr\/wp-json\/wp\/v2\/users\/1"}],"replies":[{"embeddable":true,"href":"https:\/\/amirj-demo.befiana.mg\/fr\/wp-json\/wp\/v2\/comments?post=110"}],"version-history":[{"count":25,"href":"https:\/\/amirj-demo.befiana.mg\/fr\/wp-json\/wp\/v2\/pages\/110\/revisions"}],"predecessor-version":[{"id":1279,"href":"https:\/\/amirj-demo.befiana.mg\/fr\/wp-json\/wp\/v2\/pages\/110\/revisions\/1279"}],"wp:attachment":[{"href":"https:\/\/amirj-demo.befiana.mg\/fr\/wp-json\/wp\/v2\/media?parent=110"}],"curies":[{"name":"wp","href":"https:\/\/api.w.org\/{rel}","templated":true}]}}